{"id":510,"date":"2025-11-03T13:01:19","date_gmt":"2025-11-03T12:01:19","guid":{"rendered":"http:\/\/www.arm.gouv.sn\/?page_id=510"},"modified":"2025-11-03T13:20:42","modified_gmt":"2025-11-03T12:20:42","slug":"cajou","status":"publish","type":"page","link":"http:\/\/www.arm.gouv.sn\/index.php\/cajou\/","title":{"rendered":"cajou"},"content":{"rendered":"\t\t<div data-elementor-type=\"wp-page\" data-elementor-id=\"510\" class=\"elementor elementor-510\">\n\t\t\t\t<div class=\"elementor-element elementor-element-90e0b90 e-flex e-con-boxed e-con e-parent\" data-id=\"90e0b90\" data-element_type=\"container\">\n\t\t\t\t\t<div class=\"e-con-inner\">\n\t\t<div class=\"elementor-element elementor-element-45766cc e-con-full e-flex e-con e-child\" data-id=\"45766cc\" data-element_type=\"container\">\n\t\t\t\t<div class=\"elementor-element elementor-element-d3c9840 elementor-widget elementor-widget-heading\" data-id=\"d3c9840\" data-element_type=\"widget\" data-widget_type=\"heading.default\">\n\t\t\t\t<div class=\"elementor-widget-container\">\n\t\t\t\t\t<h4 class=\"elementor-heading-title elementor-size-default\">CAJOU (ANACARDE) <\/h4>\t\t\t\t<\/div>\n\t\t\t\t<\/div>\n\t\t\t\t<div class=\"elementor-element elementor-element-ae7ab0f elementor-widget elementor-widget-text-editor\" data-id=\"ae7ab0f\" data-element_type=\"widget\" data-widget_type=\"text-editor.default\">\n\t\t\t\t<div class=\"elementor-widget-container\">\n\t\t\t\t\t\t\t\t\t<p>Le secteur de la noix de cajou (Anacarde) est tr\u00e8s important pour l&rsquo;\u00e9conomie s\u00e9n\u00e9galaise, en particulier en Casamance, mais il est confront\u00e9 \u00e0 des d\u00e9fis majeurs, principalement celui de la transformation locale.<\/p>\t\t\t\t\t\t\t\t<\/div>\n\t\t\t\t<\/div>\n\t\t\t\t<div class=\"elementor-element elementor-element-a620c06 elementor-widget elementor-widget-heading\" data-id=\"a620c06\" data-element_type=\"widget\" data-widget_type=\"heading.default\">\n\t\t\t\t<div class=\"elementor-widget-container\">\n\t\t\t\t\t<h6 class=\"elementor-heading-title elementor-size-default\">Production et March\u00e9<\/h6>\t\t\t\t<\/div>\n\t\t\t\t<\/div>\n\t\t\t\t<div class=\"elementor-element elementor-element-86618ca elementor-widget elementor-widget-text-editor\" data-id=\"86618ca\" data-element_type=\"widget\" data-widget_type=\"text-editor.default\">\n\t\t\t\t<div class=\"elementor-widget-container\">\n\t\t\t\t\t\t\t\t\t<ul><li><strong>Volume :<\/strong> Le S\u00e9n\u00e9gal est un producteur d&rsquo;anacarde, avec une production annuelle estim\u00e9e de 160 000 tonnes en 2023, contre 87 000 tonnes en 2022, gr\u00e2ce notamment \u00e0 l&rsquo;essor de la fili\u00e8re en Casamance qui repr\u00e9sente plus de 95 % de la production nationale (ANSD, 2024).<\/li><li><strong>Exportation de noix brutes :<\/strong> Historiquement, la grande majorit\u00e9 des noix (souvent plus de 95%) est export\u00e9e sous forme de noix brutes, principalement vers l&rsquo;Inde et le Vietnam.<br \/>Exemple : Les exportations d&rsquo;anacarde sont ainsi pass\u00e9es de 31 871 tonnes en 2018 \u00e0 148 443 tonnes en 2023 (ANSD, 2024).<\/li><li><strong>\u00a0Manque \u00e0 gagner : Cette faible<\/strong> transformation locale repr\u00e9sente un manque \u00e0 gagner consid\u00e9rable pour l&rsquo;\u00e9conomie nationale, car la valeur de la noix de cajou augmente consid\u00e9rablement une fois transform\u00e9e en amande.<\/li><\/ul>\t\t\t\t\t\t\t\t<\/div>\n\t\t\t\t<\/div>\n\t\t\t\t<div class=\"elementor-element elementor-element-02ea090 elementor-widget elementor-widget-heading\" data-id=\"02ea090\" data-element_type=\"widget\" data-widget_type=\"heading.default\">\n\t\t\t\t<div class=\"elementor-widget-container\">\n\t\t\t\t\t<h6 class=\"elementor-heading-title elementor-size-default\">Le D\u00e9fi de la Transformation<\/h6>\t\t\t\t<\/div>\n\t\t\t\t<\/div>\n\t\t\t\t<div class=\"elementor-element elementor-element-d43d9a6 elementor-widget elementor-widget-text-editor\" data-id=\"d43d9a6\" data-element_type=\"widget\" data-widget_type=\"text-editor.default\">\n\t\t\t\t<div class=\"elementor-widget-container\">\n\t\t\t\t\t\t\t\t\t<ul><li>\u00a0<strong>Faible Taux :<\/strong> Moins de 5 % de la production annuelle est transform\u00e9e sur place, bien que l&rsquo;objectif strat\u00e9gique soit d&rsquo;atteindre un taux de transformation bien plus \u00e9lev\u00e9 (par exemple, 50%).<\/li><li><strong>\u00a0Unit\u00e9s de Transformation :<\/strong> Des unit\u00e9s de transformation ont \u00e9t\u00e9 mises en place comme la Soci\u00e9t\u00e9 d&rsquo;Exploitation des Produits du Terroir (SEPT), bas\u00e9e \u00e0 Sokone dans la r\u00e9gion de Fatick, avec pour objectif de valoriser la production locale et de cr\u00e9er des emplois.<\/li><li><strong>\u00a0Obstacles :<\/strong> Les transformateurs locaux rencontrent des difficult\u00e9s :<br \/>&#8211; Acc\u00e8s au financement et au cr\u00e9dit \u00e0 temps pour l&rsquo;achat de la mati\u00e8re premi\u00e8re.<br \/>&#8211; Co\u00fbt \u00e9lev\u00e9 de l&rsquo;\u00e9lectricit\u00e9 et des charges de production.<br \/>&#8211; Concurrence avec les exportateurs de noix brutes.<br \/>&#8211; Absence de m\u00e9canismes de r\u00e9gulation clairs pour garantir l&rsquo;approvisionnement local.<\/li><\/ul>\t\t\t\t\t\t\t\t<\/div>\n\t\t\t\t<\/div>\n\t\t\t\t<div class=\"elementor-element elementor-element-b52deb5 elementor-widget elementor-widget-heading\" data-id=\"b52deb5\" data-element_type=\"widget\" data-widget_type=\"heading.default\">\n\t\t\t\t<div class=\"elementor-widget-container\">\n\t\t\t\t\t<h6 class=\"elementor-heading-title elementor-size-default\">Initiatives et Soutien<\/h6>\t\t\t\t<\/div>\n\t\t\t\t<\/div>\n\t\t\t\t<div class=\"elementor-element elementor-element-545f1a0 elementor-widget elementor-widget-text-editor\" data-id=\"545f1a0\" data-element_type=\"widget\" data-widget_type=\"text-editor.default\">\n\t\t\t\t<div class=\"elementor-widget-container\">\n\t\t\t\t\t\t\t\t\t<ul><li><strong>\u00a0Soutien de l&rsquo;\u00c9tat :<\/strong> L&rsquo;\u00c9tat prend des mesures pour encourager la fili\u00e8re, notamment via :<br \/>&#8211; La mise en place d&rsquo;un Plan Strat\u00e9gique et d&rsquo;un comit\u00e9 technique.<br \/>&#8211; La discussion sur l&rsquo;instauration d&rsquo;un prix plancher (comme cela se fait pour l&rsquo;arachide) pour prot\u00e9ger les producteurs contre la fluctuation des march\u00e9s.<br \/>&#8211; Des programmes d&rsquo;appui \u00e0 la comp\u00e9titivit\u00e9 (comme le PACAS) pour accompagner les acteurs et fournir des outils\/\u00e9quipements.<\/li><li><strong>Valorisation et Emancipation :<\/strong> L&rsquo;objectif est \u00e9galement de faire de la fili\u00e8re cajou un levier d&rsquo;autonomie paysanne, en valorisant le savoir-faire local et en assurant l&rsquo;\u00e9mancipation des communaut\u00e9s de producteurs.<\/li><li><strong>\u00a0Produits d\u00e9riv\u00e9s :<\/strong> Outre l&rsquo;amande, il y a un potentiel \u00e0 d\u00e9velopper des produits d\u00e9riv\u00e9s \u00e0 haute valeur ajout\u00e9e \u00e0 partir de la pomme de cajou (confitures, boissons, etc.), qui est souvent gaspill\u00e9e.<\/li><\/ul><p>La fili\u00e8re cajou au S\u00e9n\u00e9gal est un secteur prometteur avec une production significative, mais dont la pleine valeur \u00e9conomique n&rsquo;est pas encore exploit\u00e9e en raison du manque de transformation industrielle locale. Les efforts se concentrent actuellement sur la structuration, le financement, et la r\u00e9gulation pour inverser la tendance et positionner le S\u00e9n\u00e9gal comme un exportateur de produits d&rsquo;anacarde valoris\u00e9s.<\/p>\t\t\t\t\t\t\t\t<\/div>\n\t\t\t\t<\/div>\n\t\t\t\t<\/div>\n\t\t\t\t\t<\/div>\n\t\t\t\t<\/div>\n\t\t\t\t<\/div>\n\t\t","protected":false},"excerpt":{"rendered":"<p>CAJOU (ANACARDE) Le secteur de la noix de cajou (Anacarde) est tr\u00e8s important pour l&rsquo;\u00e9conomie s\u00e9n\u00e9galaise, en particulier en Casamance, mais il est confront\u00e9 \u00e0 des d\u00e9fis majeurs, principalement celui de la transformation locale. Production et March\u00e9 Volume : Le S\u00e9n\u00e9gal est un producteur d&rsquo;anacarde, avec une production annuelle estim\u00e9e de 160 000 tonnes en [&hellip;]<\/p>\n","protected":false},"author":1,"featured_media":0,"parent":0,"menu_order":0,"comment_status":"closed","ping_status":"closed","template":"","meta":{"footnotes":""},"class_list":["post-510","page","type-page","status-publish","hentry"],"blocksy_meta":[],"_links":{"self":[{"href":"http:\/\/www.arm.gouv.sn\/index.php\/wp-json\/wp\/v2\/pages\/510","targetHints":{"allow":["GET"]}}],"collection":[{"href":"http:\/\/www.arm.gouv.sn\/index.php\/wp-json\/wp\/v2\/pages"}],"about":[{"href":"http:\/\/www.arm.gouv.sn\/index.php\/wp-json\/wp\/v2\/types\/page"}],"author":[{"embeddable":true,"href":"http:\/\/www.arm.gouv.sn\/index.php\/wp-json\/wp\/v2\/users\/1"}],"replies":[{"embeddable":true,"href":"http:\/\/www.arm.gouv.sn\/index.php\/wp-json\/wp\/v2\/comments?post=510"}],"version-history":[{"count":4,"href":"http:\/\/www.arm.gouv.sn\/index.php\/wp-json\/wp\/v2\/pages\/510\/revisions"}],"predecessor-version":[{"id":518,"href":"http:\/\/www.arm.gouv.sn\/index.php\/wp-json\/wp\/v2\/pages\/510\/revisions\/518"}],"wp:attachment":[{"href":"http:\/\/www.arm.gouv.sn\/index.php\/wp-json\/wp\/v2\/media?parent=510"}],"curies":[{"name":"wp","href":"https:\/\/api.w.org\/{rel}","templated":true}]}}