{"id":498,"date":"2025-11-03T12:24:27","date_gmt":"2025-11-03T11:24:27","guid":{"rendered":"http:\/\/www.arm.gouv.sn\/?page_id=498"},"modified":"2025-11-03T12:55:59","modified_gmt":"2025-11-03T11:55:59","slug":"banane","status":"publish","type":"page","link":"http:\/\/www.arm.gouv.sn\/index.php\/banane\/","title":{"rendered":"banane"},"content":{"rendered":"\t\t<div data-elementor-type=\"wp-page\" data-elementor-id=\"498\" class=\"elementor elementor-498\">\n\t\t\t\t<div class=\"elementor-element elementor-element-257ebf4 e-flex e-con-boxed e-con e-parent\" data-id=\"257ebf4\" data-element_type=\"container\">\n\t\t\t\t\t<div class=\"e-con-inner\">\n\t\t<div class=\"elementor-element elementor-element-aec95ef e-con-full e-flex e-con e-child\" data-id=\"aec95ef\" data-element_type=\"container\">\n\t\t\t\t<div class=\"elementor-element elementor-element-20b69b5 elementor-widget elementor-widget-heading\" data-id=\"20b69b5\" data-element_type=\"widget\" data-widget_type=\"heading.default\">\n\t\t\t\t<div class=\"elementor-widget-container\">\n\t\t\t\t\t<h4 class=\"elementor-heading-title elementor-size-default\">BANANE <\/h4>\t\t\t\t<\/div>\n\t\t\t\t<\/div>\n\t\t\t\t<div class=\"elementor-element elementor-element-8c28fc0 elementor-widget elementor-widget-text-editor\" data-id=\"8c28fc0\" data-element_type=\"widget\" data-widget_type=\"text-editor.default\">\n\t\t\t\t<div class=\"elementor-widget-container\">\n\t\t\t\t\t\t\t\t\t<p>La fili\u00e8re banane au S\u00e9n\u00e9gal est en pleine croissance et joue un r\u00f4le de plus en plus important dans l&rsquo;\u00e9conomie agricole du pays, avec une ambition claire d&rsquo;atteindre l&rsquo;autosuffisance.<\/p>\t\t\t\t\t\t\t\t<\/div>\n\t\t\t\t<\/div>\n\t\t\t\t<div class=\"elementor-element elementor-element-8e1c09b elementor-widget elementor-widget-heading\" data-id=\"8e1c09b\" data-element_type=\"widget\" data-widget_type=\"heading.default\">\n\t\t\t\t<div class=\"elementor-widget-container\">\n\t\t\t\t\t<h6 class=\"elementor-heading-title elementor-size-default\">Chiffres Cl\u00e9s et Dynamique<\/h6>\t\t\t\t<\/div>\n\t\t\t\t<\/div>\n\t\t\t\t<div class=\"elementor-element elementor-element-c1bff27 elementor-widget elementor-widget-text-editor\" data-id=\"c1bff27\" data-element_type=\"widget\" data-widget_type=\"text-editor.default\">\n\t\t\t\t<div class=\"elementor-widget-container\">\n\t\t\t\t\t\t\t\t\t<ul><li><strong>Production en Hausse :<\/strong> La production a connu une croissance spectaculaire. Apr\u00e8s une moyenne de 34 500 tonnes entre 2018 et 2022, elle a atteint pr\u00e8s de 74 776 tonnes en 2023. La production a franchi la barre des 100 000 tonnes en 2025, s&rsquo;\u00e9tablissant \u00e0 environ 112 000 tonnes.<\/li><li><strong>\u00a0Objectifs :<\/strong> Le S\u00e9n\u00e9gal vise l&rsquo;autosuffisance en banane, avec des objectifs ambitieux pour les ann\u00e9es \u00e0 venir (le cap est mis sur l&rsquo;autosuffisance d&rsquo;ici 2029).<\/li><li>\u00a0<strong>Zones de Production :<\/strong> La r\u00e9gion de Tambacounda est le principal bassin de production, fournissant environ 80% de la production nationale. D&rsquo;autres r\u00e9gions comme Kolda, S\u00e9dhiou et Ndiandane y contribuent \u00e9galement.<\/li><li><strong>\u00a0Classement UEMOA :<\/strong> Cette performance positionne le S\u00e9n\u00e9gal comme le troisi\u00e8me pays producteur de banane de l&rsquo;UEMOA (Union \u00c9conomique et Mon\u00e9taire Ouest Africaine), derri\u00e8re le Mali et la C\u00f4te d&rsquo;Ivoire.<\/li><\/ul>\t\t\t\t\t\t\t\t<\/div>\n\t\t\t\t<\/div>\n\t\t\t\t<div class=\"elementor-element elementor-element-85b26cd elementor-widget elementor-widget-heading\" data-id=\"85b26cd\" data-element_type=\"widget\" data-widget_type=\"heading.default\">\n\t\t\t\t<div class=\"elementor-widget-container\">\n\t\t\t\t\t<h6 class=\"elementor-heading-title elementor-size-default\">D\u00e9fis et Initiatives<\/h6>\t\t\t\t<\/div>\n\t\t\t\t<\/div>\n\t\t\t\t<div class=\"elementor-element elementor-element-8239647 elementor-widget elementor-widget-text-editor\" data-id=\"8239647\" data-element_type=\"widget\" data-widget_type=\"text-editor.default\">\n\t\t\t\t<div class=\"elementor-widget-container\">\n\t\t\t\t\t\t\t\t\t<ul><li>\u00a0<strong>D\u00e9ficit :<\/strong> Malgr\u00e9 la forte croissance, le S\u00e9n\u00e9gal doit encore importer pour couvrir ses besoins nationaux estim\u00e9e \u00e0 plus de 50 000 tonnes par an.<\/li><li><strong>Qualit\u00e9 et Exportation :<\/strong> Bien que la qualit\u00e9 de la banane s\u00e9n\u00e9galaise soit reconnue, elle est parfois sous-cot\u00e9e sur le march\u00e9 international. L&rsquo;objectif est d&rsquo;atteindre la surproduction pour pouvoir se lancer dans l&rsquo;exportation.<\/li><li><strong>Structuration :<\/strong> Des efforts sont faits pour structurer la fili\u00e8re, notamment avec la mise en place de l&rsquo;Interprofession Nationale des Acteurs de la Banane du S\u00e9n\u00e9gal (INABAS), qui vise \u00e0 d\u00e9finir des normes nationales de production et de commercialisation.<\/li><li>\u00a0<strong>Souverainet\u00e9 Alimentaire :<\/strong> Des mesures, comme la suspension temporaire des importations, sont parfois prises pour encourager la production locale et favoriser l&rsquo;\u00e9coulement du stock national.<\/li><li><strong>Banane Biologique :<\/strong> Il existe un potentiel prometteur pour la banane bio au S\u00e9n\u00e9gal, avec des initiatives visant \u00e0 am\u00e9liorer la productivit\u00e9 et l&rsquo;acc\u00e8s aux engrais organiques.<\/li><\/ul><p><strong>R\u00f4le de l&rsquo;Agence de R\u00e9gulation des March\u00e9s (ARM) dans la Fili\u00e8re Banane S\u00e9n\u00e9galaise<\/strong><br \/>L&rsquo;Agence de R\u00e9gulation des March\u00e9s (ARM) joue un r\u00f4le central et strat\u00e9gique dans la fili\u00e8re banane au S\u00e9n\u00e9gal, particuli\u00e8rement dans le cadre de l&rsquo;objectif de souverainet\u00e9 alimentaire et de la gestion des d\u00e9s\u00e9quilibres entre l&rsquo;offre et la demande.<br \/>Son r\u00f4le se concentre sur la r\u00e9gulation des flux et des prix pour soutenir le producteur local tout en assurant l&rsquo;approvisionnement du consommateur.<br \/><strong>Exemple R\u00e9cent : L&rsquo;ARM a annonc\u00e9 la suspension des importations de bananes \u00e0 compter du 1er septembre 2025 au 30 novembre 2025<\/strong> pour permettre l&rsquo;\u00e9coulement d&rsquo;une production nationale estim\u00e9e \u00e0 112 000 tonnes pour cette ann\u00e9e.<br \/>C&rsquo;est une fili\u00e8re en mutation, marqu\u00e9e par une forte volont\u00e9 politique et un dynamisme des acteurs locaux pour r\u00e9pondre \u00e0 la demande nationale.<\/p>\t\t\t\t\t\t\t\t<\/div>\n\t\t\t\t<\/div>\n\t\t\t\t<\/div>\n\t\t\t\t\t<\/div>\n\t\t\t\t<\/div>\n\t\t\t\t<\/div>\n\t\t","protected":false},"excerpt":{"rendered":"<p>BANANE La fili\u00e8re banane au S\u00e9n\u00e9gal est en pleine croissance et joue un r\u00f4le de plus en plus important dans l&rsquo;\u00e9conomie agricole du pays, avec une ambition claire d&rsquo;atteindre l&rsquo;autosuffisance. Chiffres Cl\u00e9s et Dynamique Production en Hausse : La production a connu une croissance spectaculaire. Apr\u00e8s une moyenne de 34 500 tonnes entre 2018 et [&hellip;]<\/p>\n","protected":false},"author":1,"featured_media":0,"parent":0,"menu_order":0,"comment_status":"closed","ping_status":"closed","template":"","meta":{"footnotes":""},"class_list":["post-498","page","type-page","status-publish","hentry"],"blocksy_meta":[],"_links":{"self":[{"href":"http:\/\/www.arm.gouv.sn\/index.php\/wp-json\/wp\/v2\/pages\/498","targetHints":{"allow":["GET"]}}],"collection":[{"href":"http:\/\/www.arm.gouv.sn\/index.php\/wp-json\/wp\/v2\/pages"}],"about":[{"href":"http:\/\/www.arm.gouv.sn\/index.php\/wp-json\/wp\/v2\/types\/page"}],"author":[{"embeddable":true,"href":"http:\/\/www.arm.gouv.sn\/index.php\/wp-json\/wp\/v2\/users\/1"}],"replies":[{"embeddable":true,"href":"http:\/\/www.arm.gouv.sn\/index.php\/wp-json\/wp\/v2\/comments?post=498"}],"version-history":[{"count":4,"href":"http:\/\/www.arm.gouv.sn\/index.php\/wp-json\/wp\/v2\/pages\/498\/revisions"}],"predecessor-version":[{"id":506,"href":"http:\/\/www.arm.gouv.sn\/index.php\/wp-json\/wp\/v2\/pages\/498\/revisions\/506"}],"wp:attachment":[{"href":"http:\/\/www.arm.gouv.sn\/index.php\/wp-json\/wp\/v2\/media?parent=498"}],"curies":[{"name":"wp","href":"https:\/\/api.w.org\/{rel}","templated":true}]}}