{"id":473,"date":"2025-11-03T11:07:28","date_gmt":"2025-11-03T10:07:28","guid":{"rendered":"http:\/\/www.arm.gouv.sn\/?page_id=473"},"modified":"2025-11-03T11:47:58","modified_gmt":"2025-11-03T10:47:58","slug":"tomate-concentree","status":"publish","type":"page","link":"http:\/\/www.arm.gouv.sn\/index.php\/tomate-concentree\/","title":{"rendered":"Tomate Concentr\u00e9e"},"content":{"rendered":"\t\t<div data-elementor-type=\"wp-page\" data-elementor-id=\"473\" class=\"elementor elementor-473\">\n\t\t\t\t<div class=\"elementor-element elementor-element-3c86251 e-flex e-con-boxed e-con e-parent\" data-id=\"3c86251\" data-element_type=\"container\">\n\t\t\t\t\t<div class=\"e-con-inner\">\n\t\t<div class=\"elementor-element elementor-element-ec66e08 e-con-full e-flex e-con e-child\" data-id=\"ec66e08\" data-element_type=\"container\">\n\t\t\t\t<div class=\"elementor-element elementor-element-8a7bea6 elementor-widget elementor-widget-heading\" data-id=\"8a7bea6\" data-element_type=\"widget\" data-widget_type=\"heading.default\">\n\t\t\t\t<div class=\"elementor-widget-container\">\n\t\t\t\t\t<h4 class=\"elementor-heading-title elementor-size-default\">TOMATE CONCENTREE<\/h4>\t\t\t\t<\/div>\n\t\t\t\t<\/div>\n\t\t\t\t<div class=\"elementor-element elementor-element-561b064 elementor-widget elementor-widget-text-editor\" data-id=\"561b064\" data-element_type=\"widget\" data-widget_type=\"text-editor.default\">\n\t\t\t\t<div class=\"elementor-widget-container\">\n\t\t\t\t\t\t\t\t\t<p>La fili\u00e8re de la tomate industrielle (destin\u00e9e \u00e0 \u00eatre transform\u00e9e en concentr\u00e9) est un secteur strat\u00e9gique au S\u00e9n\u00e9gal. Elle est essentielle pour la s\u00e9curit\u00e9 alimentaire, l&#8217;emploi et l&rsquo;objectif de r\u00e9duction de la d\u00e9pendance aux importations. Cependant, elle fait face \u00e0 une concurrence intense et \u00e0 des probl\u00e8mes structurels.<\/p><p><strong>Les acteurs cl\u00e9s de la transformation<\/strong><\/p><p>\u00a0<\/p>\t\t\t\t\t\t\t\t<\/div>\n\t\t\t\t<\/div>\n\t\t\t\t<\/div>\n\t\t\t\t\t<\/div>\n\t\t\t\t<\/div>\n\t\t\t\t<\/div>\n\t\t","protected":false},"excerpt":{"rendered":"<p>TOMATE CONCENTREE La fili\u00e8re de la tomate industrielle (destin\u00e9e \u00e0 \u00eatre transform\u00e9e en concentr\u00e9) est un secteur strat\u00e9gique au S\u00e9n\u00e9gal. Elle est essentielle pour la s\u00e9curit\u00e9 alimentaire, l&#8217;emploi et l&rsquo;objectif de r\u00e9duction de la d\u00e9pendance aux importations. Cependant, elle fait face \u00e0 une concurrence intense et \u00e0 des probl\u00e8mes structurels. Les acteurs cl\u00e9s de la [&hellip;]<\/p>\n","protected":false},"author":1,"featured_media":0,"parent":0,"menu_order":0,"comment_status":"closed","ping_status":"closed","template":"","meta":{"footnotes":""},"class_list":["post-473","page","type-page","status-publish","hentry"],"blocksy_meta":[],"_links":{"self":[{"href":"http:\/\/www.arm.gouv.sn\/index.php\/wp-json\/wp\/v2\/pages\/473","targetHints":{"allow":["GET"]}}],"collection":[{"href":"http:\/\/www.arm.gouv.sn\/index.php\/wp-json\/wp\/v2\/pages"}],"about":[{"href":"http:\/\/www.arm.gouv.sn\/index.php\/wp-json\/wp\/v2\/types\/page"}],"author":[{"embeddable":true,"href":"http:\/\/www.arm.gouv.sn\/index.php\/wp-json\/wp\/v2\/users\/1"}],"replies":[{"embeddable":true,"href":"http:\/\/www.arm.gouv.sn\/index.php\/wp-json\/wp\/v2\/comments?post=473"}],"version-history":[{"count":7,"href":"http:\/\/www.arm.gouv.sn\/index.php\/wp-json\/wp\/v2\/pages\/473\/revisions"}],"predecessor-version":[{"id":487,"href":"http:\/\/www.arm.gouv.sn\/index.php\/wp-json\/wp\/v2\/pages\/473\/revisions\/487"}],"wp:attachment":[{"href":"http:\/\/www.arm.gouv.sn\/index.php\/wp-json\/wp\/v2\/media?parent=473"}],"curies":[{"name":"wp","href":"https:\/\/api.w.org\/{rel}","templated":true}]}}