{"id":19,"date":"2025-01-20T11:54:28","date_gmt":"2025-01-20T10:54:28","guid":{"rendered":"http:\/\/localhost\/wordpress\/?page_id=19"},"modified":"2025-04-14T12:40:49","modified_gmt":"2025-04-14T10:40:49","slug":"le-mot-du-dg","status":"publish","type":"page","link":"http:\/\/www.arm.gouv.sn\/index.php\/le-mot-du-dg\/","title":{"rendered":"Le Mot du DG"},"content":{"rendered":"\t\t<div data-elementor-type=\"wp-page\" data-elementor-id=\"19\" class=\"elementor elementor-19\">\n\t\t\t\t<div class=\"elementor-element elementor-element-dbac4cc e-flex e-con-boxed e-con e-parent\" data-id=\"dbac4cc\" data-element_type=\"container\">\n\t\t\t\t\t<div class=\"e-con-inner\">\n\t\t<div class=\"elementor-element elementor-element-7860252 e-con-full e-flex e-con e-child\" data-id=\"7860252\" data-element_type=\"container\">\n\t\t\t\t<div class=\"elementor-element elementor-element-d76b812 elementor-widget elementor-widget-image\" data-id=\"d76b812\" data-element_type=\"widget\" data-widget_type=\"image.default\">\n\t\t\t\t<div class=\"elementor-widget-container\">\n\t\t\t\t\t\t\t\t\t\t\t\t\t\t\t<img fetchpriority=\"high\" decoding=\"async\" width=\"1024\" height=\"683\" src=\"http:\/\/www.arm.gouv.sn\/wp-content\/uploads\/2025\/03\/DGARM-1.jpg\" class=\"attachment-large size-large wp-image-335\" alt=\"\" \/>\t\t\t\t\t\t\t\t\t\t\t\t\t\t\t<\/div>\n\t\t\t\t<\/div>\n\t\t\t\t<\/div>\n\t\t<div class=\"elementor-element elementor-element-3eeb2f3 e-con-full e-flex e-con e-child\" data-id=\"3eeb2f3\" data-element_type=\"container\">\n\t\t\t\t<div class=\"elementor-element elementor-element-50f9df8 elementor-widget elementor-widget-text-editor\" data-id=\"50f9df8\" data-element_type=\"widget\" data-widget_type=\"text-editor.default\">\n\t\t\t\t<div class=\"elementor-widget-container\">\n\t\t\t\t\t\t\t\t\t<p><strong>Chers Partenaires, Acteurs des fili\u00e8res agricoles, Mesdames et Messieurs,<\/strong><\/p><p>C\u2019est avec un profond engagement que j\u2019assume aujourd\u2019hui la fonction de Directeur G\u00e9n\u00e9ral de l\u2019Agence de R\u00e9gulation des March\u00e9s (ARM). \u00c0 travers ce message, je souhaite partager notre vision commune et r\u00e9affirmer le r\u00f4le central de l\u2019ARM dans l\u2019\u00e9dification d\u2019un S\u00e9n\u00e9gal souverain, r\u00e9silient et prosp\u00e8re. Depuis sa cr\u00e9ation par d\u00e9cret n\u00b0 2013-997 du 16 juillet 2013 abrogeant et rempla\u00e7ant le d\u00e9cret n\u00b0 2002-923 du 18 septembre 2002 portant cr\u00e9ation, organisation et fonctionnement de l\u2019Agence de R\u00e9gulation des March\u00e9s (ARM), l\u2019ARM s\u2019est affirm\u00e9e comme un acteur cl\u00e9 de la r\u00e9gulation des march\u00e9s agricoles. Notre mission va bien au-del\u00e0 de la simple surveillance :\u00a0<\/p>\t\t\t\t\t\t\t\t<\/div>\n\t\t\t\t<\/div>\n\t\t\t\t<\/div>\n\t\t\t\t\t<\/div>\n\t\t\t\t<\/div>\n\t\t<div class=\"elementor-element elementor-element-c6334de e-flex e-con-boxed e-con e-parent\" data-id=\"c6334de\" data-element_type=\"container\">\n\t\t\t\t\t<div class=\"e-con-inner\">\n\t\t\t\t<div class=\"elementor-element elementor-element-10029ff elementor-widget elementor-widget-text-editor\" data-id=\"10029ff\" data-element_type=\"widget\" data-widget_type=\"text-editor.default\">\n\t\t\t\t<div class=\"elementor-widget-container\">\n\t\t\t\t\t\t\t\t\t<p>il s\u2019agit de garantir un \u00e9quilibre strat\u00e9gique entre l\u2019offre et la demande, de s\u00e9curiser les circuits de commercialisation et d\u2019approvisionnements, et de prot\u00e9ger \u00e0 la fois les producteurs locaux et les consommateurs. Dans un contexte mondial marqu\u00e9 par des crises alimentaires r\u00e9currentes et une d\u00e9pendance croissante aux importations, l\u2019ARM incarne le rempart de notre souverainet\u00e9 alimentaire et impulse une dynamique innovante pour la renforcer.<\/p><p>Le secteur agricole s\u00e9n\u00e9galais contribue \u00e0\u00a0<strong>environ 15 \u00e0 17 % du PIB<\/strong>\u00a0(FAO, 2022) et repr\u00e9sente bien plus qu\u2019un simple moteur \u00e9conomique : il constitue le fondement de notre autonomie nationale. En 2023, les importations d\u2019oignons, de riz, d\u2019huile et de bl\u00e9\u00a0<strong>ont repr\u00e9sent\u00e9 pr\u00e8s de 40 % de notre d\u00e9ficit commercial<\/strong><strong>\u00a0<\/strong>(ANSD, 2024). Ce constat met en \u00e9vidence l\u2019urgence\u00a0<strong>d\u2019am\u00e9liorer la productivit\u00e9<\/strong><strong>\u00a0<\/strong>et<strong>\u00a0<\/strong><strong>la comp\u00e9titivit\u00e9 de la production locale<\/strong><strong>.<\/strong> Pour y parvenir, notre strat\u00e9gie s\u2019articule sur plusieurs piliers essentiels :<\/p><ol><li>Am\u00e9lioration des pratiques agricoles et soutien aux producteurs<\/li><li>Stabilisation des march\u00e9s et r\u00e9gulation des prix<\/li><li>Modernisation des infrastructures et innovation logistique<\/li><li>Promotion des produits locaux et d\u00e9veloppement des exportations<\/li><li>Renforcement de la durabilit\u00e9 et comp\u00e9titivit\u00e9<\/li><li>Gouvernance collaborative et dialogue institutionnel<\/li><\/ol><p>Je tiens \u00e0 saluer l\u2019engagement ind\u00e9fectible des acteurs des fili\u00e8res agricoles, de nos partenaires techniques et financiers, ainsi que l\u2019expertise quotidienne des \u00e9quipes de l\u2019ARM. Ensemble, nous incarnons la vision du Pr\u00e9sident de la R\u00e9publique, Son Excellence Bassirou Diomaye Diakhar FAYE, dont le r\u00e9f\u00e9rentiel \u00ab S\u00e9n\u00e9gal 2050 \u00bb place l\u2019agriculture au c\u0153ur de notre souverainet\u00e9 \u00e9conomique.<\/p><p>L\u2019ARM ne sera pas seulement un r\u00e9gulateur : nous serons un catalyseur d\u2019opportunit\u00e9s. Notre ambition est de cr\u00e9er un \u00e9cosyst\u00e8me \u00e9quitable o\u00f9 chaque producteur, consommateur, transformateur ou distributeur pourra s\u2019\u00e9panouir et innover.<\/p><p><strong>Chers partenaires,<\/strong> l\u2019ARM restera \u00e0 vos c\u00f4t\u00e9s pour transformer les d\u00e9fis en leviers de croissance. Faisons de notre march\u00e9 agricole un symbole d\u2019excellence africaine et un h\u00e9ritage durable pour les g\u00e9n\u00e9rations futures. C\u2019est dans l\u2019union et la d\u00e9termination que nous b\u00e2tirons un march\u00e9 agricole r\u00e9silient, capable de nourrir notre nation et de rayonner \u00e0 l\u2019international.<\/p><p><strong>Faire de la commercialisation le levier de la production !<\/strong><\/p><p><strong>Monsieur Babacar SEMBENE<\/strong><\/p><p><em>Directeur G\u00e9n\u00e9ral de l\u2019Agence de R\u00e9gulation des March\u00e9s (ARM)<\/em><\/p>\t\t\t\t\t\t\t\t<\/div>\n\t\t\t\t<\/div>\n\t\t\t\t\t<\/div>\n\t\t\t\t<\/div>\n\t\t\t\t<\/div>\n\t\t","protected":false},"excerpt":{"rendered":"<p>Chers Partenaires, Acteurs des fili\u00e8res agricoles, Mesdames et Messieurs, C\u2019est avec un profond engagement que j\u2019assume aujourd\u2019hui la fonction de Directeur G\u00e9n\u00e9ral de l\u2019Agence de R\u00e9gulation des March\u00e9s (ARM). \u00c0 travers ce message, je souhaite partager notre vision commune et r\u00e9affirmer le r\u00f4le central de l\u2019ARM dans l\u2019\u00e9dification d\u2019un S\u00e9n\u00e9gal souverain, r\u00e9silient et prosp\u00e8re. Depuis [&hellip;]<\/p>\n","protected":false},"author":1,"featured_media":0,"parent":0,"menu_order":0,"comment_status":"closed","ping_status":"closed","template":"","meta":{"footnotes":""},"class_list":["post-19","page","type-page","status-publish","hentry"],"blocksy_meta":[],"_links":{"self":[{"href":"http:\/\/www.arm.gouv.sn\/index.php\/wp-json\/wp\/v2\/pages\/19","targetHints":{"allow":["GET"]}}],"collection":[{"href":"http:\/\/www.arm.gouv.sn\/index.php\/wp-json\/wp\/v2\/pages"}],"about":[{"href":"http:\/\/www.arm.gouv.sn\/index.php\/wp-json\/wp\/v2\/types\/page"}],"author":[{"embeddable":true,"href":"http:\/\/www.arm.gouv.sn\/index.php\/wp-json\/wp\/v2\/users\/1"}],"replies":[{"embeddable":true,"href":"http:\/\/www.arm.gouv.sn\/index.php\/wp-json\/wp\/v2\/comments?post=19"}],"version-history":[{"count":13,"href":"http:\/\/www.arm.gouv.sn\/index.php\/wp-json\/wp\/v2\/pages\/19\/revisions"}],"predecessor-version":[{"id":425,"href":"http:\/\/www.arm.gouv.sn\/index.php\/wp-json\/wp\/v2\/pages\/19\/revisions\/425"}],"wp:attachment":[{"href":"http:\/\/www.arm.gouv.sn\/index.php\/wp-json\/wp\/v2\/media?parent=19"}],"curies":[{"name":"wp","href":"https:\/\/api.w.org\/{rel}","templated":true}]}}