{"id":15,"date":"2025-01-20T11:53:53","date_gmt":"2025-01-20T10:53:53","guid":{"rendered":"http:\/\/localhost\/wordpress\/?page_id=15"},"modified":"2025-03-17T12:27:11","modified_gmt":"2025-03-17T11:27:11","slug":"qui-sommes-nous","status":"publish","type":"page","link":"http:\/\/www.arm.gouv.sn\/index.php\/qui-sommes-nous\/","title":{"rendered":"Qui sommes-nous?"},"content":{"rendered":"\t\t<div data-elementor-type=\"wp-page\" data-elementor-id=\"15\" class=\"elementor elementor-15\">\n\t\t\t\t<div class=\"elementor-element elementor-element-1e02de2 e-flex e-con-boxed e-con e-parent\" data-id=\"1e02de2\" data-element_type=\"container\">\n\t\t\t\t\t<div class=\"e-con-inner\">\n\t\t<div class=\"elementor-element elementor-element-7899743 e-con-full e-flex e-con e-child\" data-id=\"7899743\" data-element_type=\"container\" data-settings=\"{&quot;animation&quot;:&quot;none&quot;}\">\n\t\t\t\t<div class=\"elementor-element elementor-element-075c8cc elementor-widget elementor-widget-heading\" data-id=\"075c8cc\" data-element_type=\"widget\" data-widget_type=\"heading.default\">\n\t\t\t\t<div class=\"elementor-widget-container\">\n\t\t\t\t\t<h5 class=\"elementor-heading-title elementor-size-default\">Qui sommes-nous<\/h5>\t\t\t\t<\/div>\n\t\t\t\t<\/div>\n\t\t\t\t<div class=\"elementor-element elementor-element-5059d65 elementor-widget elementor-widget-text-editor\" data-id=\"5059d65\" data-element_type=\"widget\" data-widget_type=\"text-editor.default\">\n\t\t\t\t<div class=\"elementor-widget-container\">\n\t\t\t\t\t\t\t\t\t<p>Plac\u00e9e sous le tutelle technique du Minist\u00e8re de l&rsquo;Industrie et du Commerce, l&rsquo;Agence de R\u00e9gulation des March\u00e9s est charg\u00e9e de r\u00e9guler les march\u00e9s des produits agricoles, surveiller et analyser les march\u00e9s. Ses interventions visent \u00e0 optimiser le fonctionnement des march\u00e9s, \u00e0 renforcer la s\u00e9curit\u00e9 alimentaire, \u00e0 am\u00e9liorer les revenus des producteurs et \u00e0 prot\u00e9ger les int\u00e9r\u00eats des consommateurs.<\/p>\t\t\t\t\t\t\t\t<\/div>\n\t\t\t\t<\/div>\n\t\t\t\t<\/div>\n\t\t<div class=\"elementor-element elementor-element-c7eb7e9 e-con-full e-flex e-con e-child\" data-id=\"c7eb7e9\" data-element_type=\"container\" data-settings=\"{&quot;animation&quot;:&quot;none&quot;}\">\n\t\t\t\t<div class=\"elementor-element elementor-element-226d334 elementor-widget elementor-widget-heading\" data-id=\"226d334\" data-element_type=\"widget\" data-widget_type=\"heading.default\">\n\t\t\t\t<div class=\"elementor-widget-container\">\n\t\t\t\t\t<h5 class=\"elementor-heading-title elementor-size-default\">Notre Syst\u00e8me d'Information du March\u00e9(SIM)  <\/h5>\t\t\t\t<\/div>\n\t\t\t\t<\/div>\n\t\t\t\t<div class=\"elementor-element elementor-element-86a0cac elementor-widget elementor-widget-text-editor\" data-id=\"86a0cac\" data-element_type=\"widget\" data-widget_type=\"text-editor.default\">\n\t\t\t\t<div class=\"elementor-widget-container\">\n\t\t\t\t\t\t\t\t\t<p>Le syst\u00e8me d&rsquo;information de l&rsquo;ARM, en constante \u00e9volution, a pour objectif de fournir en temps quasi r\u00e9el des donn\u00e9es de march\u00e9 d\u00e9taill\u00e9es (prix, tendances) afin d&rsquo;anticiper les fluctuations et d&rsquo;informer les acteurs du secteur.<\/p><p>Ce syst\u00e8me, con\u00e7u pour un fonctionnement optimal et ind\u00e9pendant des contraintes g\u00e9ographiques, s&rsquo;appuie sur une architecture centralis\u00e9e accessible en ligne. \u00c0 terme, il sera compl\u00e9t\u00e9 par des sous-syst\u00e8mes locaux autonomes, offrant ainsi une couverture \u00e9tendue et des informations plus rapidement disponibles.<\/p><p>Gr\u00e2ce \u00e0 ces donn\u00e9es actualis\u00e9es et \u00e0 des outils d&rsquo;analyse performants, les agents de l&rsquo;ARM seront en mesure de d\u00e9tecter plus rapidement les signaux faibles et d&rsquo;activer les dispositifs d&rsquo;alerte n\u00e9cessaires.<\/p><p>Le syst\u00e8me int\u00e8gre par ailleurs deux modes de collecte de donn\u00e9es adapt\u00e9s aux sp\u00e9cificit\u00e9s des march\u00e9s locaux et internationaux.<\/p>\t\t\t\t\t\t\t\t<\/div>\n\t\t\t\t<\/div>\n\t\t\t\t<\/div>\n\t\t<div class=\"elementor-element elementor-element-b419833 e-con-full e-flex e-con e-child\" data-id=\"b419833\" data-element_type=\"container\" data-settings=\"{&quot;animation&quot;:&quot;none&quot;}\">\n\t\t\t\t<div class=\"elementor-element elementor-element-6914988 elementor-widget elementor-widget-heading\" data-id=\"6914988\" data-element_type=\"widget\" data-widget_type=\"heading.default\">\n\t\t\t\t<div class=\"elementor-widget-container\">\n\t\t\t\t\t<h5 class=\"elementor-heading-title elementor-size-default\">M\u00e9thodologie : <\/h5>\t\t\t\t<\/div>\n\t\t\t\t<\/div>\n\t\t\t\t<div class=\"elementor-element elementor-element-1c896d8 elementor-widget elementor-widget-text-editor\" data-id=\"1c896d8\" data-element_type=\"widget\" data-widget_type=\"text-editor.default\">\n\t\t\t\t<div class=\"elementor-widget-container\">\n\t\t\t\t\t\t\t\t\t<p>L&rsquo;agence collecte des donn\u00e9es aupr\u00e8s de diverses sources : 420 march\u00e9s (permanents et hebdomadaires), associations professionnelles, administrations publiques, pays de la sous-r\u00e9gion (Burkina Faso, Mali, Mauritanie, etc.) et acteurs internationaux. Ces informations sont analys\u00e9es et diffus\u00e9es aupr\u00e8s des pouvoirs publics, des op\u00e9rateurs \u00e9conomiques locaux et de tous les partenaires int\u00e9ress\u00e9s. Elles servent \u00e0 am\u00e9liorer la visibilit\u00e9 du march\u00e9, identifier les opportunit\u00e9s, ajuster les politiques publiques et fournir des donn\u00e9es statistiques pour les \u00e9tudes sectorielles.<\/p>\t\t\t\t\t\t\t\t<\/div>\n\t\t\t\t<\/div>\n\t\t\t\t<\/div>\n\t\t\t\t\t<\/div>\n\t\t\t\t<\/div>\n\t\t\t\t<\/div>\n\t\t","protected":false},"excerpt":{"rendered":"<p>Qui sommes-nous Plac\u00e9e sous le tutelle technique du Minist\u00e8re de l&rsquo;Industrie et du Commerce, l&rsquo;Agence de R\u00e9gulation des March\u00e9s est charg\u00e9e de r\u00e9guler les march\u00e9s des produits agricoles, surveiller et analyser les march\u00e9s. Ses interventions visent \u00e0 optimiser le fonctionnement des march\u00e9s, \u00e0 renforcer la s\u00e9curit\u00e9 alimentaire, \u00e0 am\u00e9liorer les revenus des producteurs et \u00e0 [&hellip;]<\/p>\n","protected":false},"author":1,"featured_media":0,"parent":0,"menu_order":0,"comment_status":"closed","ping_status":"closed","template":"","meta":{"footnotes":""},"class_list":["post-15","page","type-page","status-publish","hentry"],"blocksy_meta":[],"_links":{"self":[{"href":"http:\/\/www.arm.gouv.sn\/index.php\/wp-json\/wp\/v2\/pages\/15","targetHints":{"allow":["GET"]}}],"collection":[{"href":"http:\/\/www.arm.gouv.sn\/index.php\/wp-json\/wp\/v2\/pages"}],"about":[{"href":"http:\/\/www.arm.gouv.sn\/index.php\/wp-json\/wp\/v2\/types\/page"}],"author":[{"embeddable":true,"href":"http:\/\/www.arm.gouv.sn\/index.php\/wp-json\/wp\/v2\/users\/1"}],"replies":[{"embeddable":true,"href":"http:\/\/www.arm.gouv.sn\/index.php\/wp-json\/wp\/v2\/comments?post=15"}],"version-history":[{"count":10,"href":"http:\/\/www.arm.gouv.sn\/index.php\/wp-json\/wp\/v2\/pages\/15\/revisions"}],"predecessor-version":[{"id":399,"href":"http:\/\/www.arm.gouv.sn\/index.php\/wp-json\/wp\/v2\/pages\/15\/revisions\/399"}],"wp:attachment":[{"href":"http:\/\/www.arm.gouv.sn\/index.php\/wp-json\/wp\/v2\/media?parent=15"}],"curies":[{"name":"wp","href":"https:\/\/api.w.org\/{rel}","templated":true}]}}